{"id":4355,"date":"2020-07-31T10:22:03","date_gmt":"2020-07-31T07:22:03","guid":{"rendered":"http:\/\/wpdemo.archiwp.com\/theratio\/?page_id=4355"},"modified":"2021-12-03T13:01:39","modified_gmt":"2021-12-03T10:01:39","slug":"urunlerimiz","status":"publish","type":"page","link":"http:\/\/safakdamper.com\/index.php\/urunlerimiz\/","title":{"rendered":"\u00dcr\u00fcnlerimiz"},"content":{"rendered":"\t\t<div data-elementor-type=\"wp-page\" data-elementor-id=\"4355\" class=\"elementor elementor-4355\" data-elementor-settings=\"[]\">\n\t\t\t\t\t\t\t<div class=\"elementor-section-wrap\">\n\t\t\t\t\t\t\t<section class=\"elementor-section elementor-top-section elementor-element elementor-element-7fe1724 elementor-section-full_width elementor-section-height-default elementor-section-height-default\" data-id=\"7fe1724\" data-element_type=\"section\">\n\t\t\t\t\t\t<div class=\"elementor-container elementor-column-gap-default\">\n\t\t\t\t\t<div class=\"elementor-column elementor-col-100 elementor-top-column elementor-element elementor-element-4d2b8ee ot-flex-column-vertical\" data-id=\"4d2b8ee\" data-element_type=\"column\">\n\t\t\t<div class=\"elementor-widget-wrap elementor-element-populated\">\n\t\t\t\t\t\t\t\t<div class=\"elementor-element elementor-element-f390f58 theratio-align-center elementor-widget elementor-widget-iheading\" data-id=\"f390f58\" data-element_type=\"widget\" data-widget_type=\"iheading.default\">\n\t\t\t\t<div class=\"elementor-widget-container\">\n\t\t\t\t\t<div class=\"ot-heading is-dots\">\n\t        \t            <span>[ T\u00fcm \u00fcr\u00fcnlerimiz ]<\/span>\n\t        \t        <h2 class=\"main-heading\">Hizmet Verdi\u011fimiz<br> Alanlar\u0131m\u0131z<\/h2>\n\t        \t    <\/div>\n\t    \t\t<\/div>\n\t\t\t\t<\/div>\n\t\t\t\t<div class=\"elementor-element elementor-element-e7d1bab elementor-widget elementor-widget-ipfilter\" data-id=\"e7d1bab\" data-element_type=\"widget\" data-widget_type=\"ipfilter.default\">\n\t\t\t\t<div class=\"elementor-widget-container\">\n\t\t\t\n\t\t<div class=\"project-filter-wrapper\">\n\t\t\t\t\t\t\t        <div class=\"projects-grid pf_3_cols style-1 img-scale w-auto\" data-load=\"\" data-count=\"5\">\n\t\t\t<div class=\"grid-sizer\"><\/div>\n\t            \n<div class=\"project-item category-16 \">\n\t<div class=\"projects-box\">\n\t\t<div class=\"projects-thumbnail\" data-src=\"http:\/\/safakdamper.com\/wp-content\/uploads\/2021\/12\/WhatsApp-Image-2021-12-03-at-11.20.33.jpeg\" data-sub-html=\"Nalbur Tipi\">\n\t\t\t<a href=\"http:\/\/safakdamper.com\/index.php\/portfolio\/nalbur-tipi\/\">\n\t\t\t\t<img loading=\"lazy\" decoding=\"async\" width=\"720\" height=\"720\" src=\"http:\/\/safakdamper.com\/wp-content\/uploads\/2021\/12\/WhatsApp-Image-2021-12-03-at-11.20.33-720x720.jpeg\" class=\"attachment-theratio-portfolio-thumbnail-grid size-theratio-portfolio-thumbnail-grid wp-post-image\" alt=\"\" srcset=\"http:\/\/safakdamper.com\/wp-content\/uploads\/2021\/12\/WhatsApp-Image-2021-12-03-at-11.20.33-720x720.jpeg 720w, http:\/\/safakdamper.com\/wp-content\/uploads\/2021\/12\/WhatsApp-Image-2021-12-03-at-11.20.33-150x150.jpeg 150w\" sizes=\"auto, (max-width: 720px) 100vw, 720px\" \/>\t\t\t<\/a>\n\t\t\t\n\t\t\t<span class=\"overlay\">\n\t\t\t\t<h5>Nalbur Tipi<\/h5>\n\t\t\t\t<i class=\"ot-flaticon-add\"><\/i>\n\t\t\t<\/span>\n\t\t<\/div>\n\t\t<div class=\"portfolio-info\">\n\t\t\t<div class=\"portfolio-info-inner\">\n\t\t\t\t<h5><a class=\"title-link\" href=\"http:\/\/safakdamper.com\/index.php\/portfolio\/nalbur-tipi\/\" data-src=\"http:\/\/safakdamper.com\/wp-content\/uploads\/2021\/12\/WhatsApp-Image-2021-12-03-at-11.20.33.jpeg\" data-sub-html=\"Nalbur Tipi\">Nalbur Tipi<\/a><\/h5>\n\t\t\t\t<p class=\"portfolio-cates\"><a href=\"http:\/\/safakdamper.com\/index.php\/portfolio-category\/urunlerimiz\/\">\u00dcr\u00fcnlerimiz<\/a><\/p> \n\t\t\t<\/div>\n\t\t\t<a class=\"overlay\" href=\"http:\/\/safakdamper.com\/index.php\/portfolio\/nalbur-tipi\/\"><\/a>\n\t\t<\/div>\n\t<\/div>\n<\/div>\n<div class=\"project-item category-16 \">\n\t<div class=\"projects-box\">\n\t\t<div class=\"projects-thumbnail\" data-src=\"http:\/\/safakdamper.com\/wp-content\/uploads\/2021\/12\/WhatsApp-Image-2021-12-03-at-11.20.36.jpeg\" data-sub-html=\"Tadilat &#038; Tamirat\">\n\t\t\t<a href=\"http:\/\/safakdamper.com\/index.php\/portfolio\/loft-kitchen-interior\/\">\n\t\t\t\t<img loading=\"lazy\" decoding=\"async\" width=\"720\" height=\"720\" src=\"http:\/\/safakdamper.com\/wp-content\/uploads\/2021\/12\/WhatsApp-Image-2021-12-03-at-11.20.36-720x720.jpeg\" class=\"attachment-theratio-portfolio-thumbnail-grid size-theratio-portfolio-thumbnail-grid wp-post-image\" alt=\"\" srcset=\"http:\/\/safakdamper.com\/wp-content\/uploads\/2021\/12\/WhatsApp-Image-2021-12-03-at-11.20.36-720x720.jpeg 720w, http:\/\/safakdamper.com\/wp-content\/uploads\/2021\/12\/WhatsApp-Image-2021-12-03-at-11.20.36-150x150.jpeg 150w\" sizes=\"auto, (max-width: 720px) 100vw, 720px\" \/>\t\t\t<\/a>\n\t\t\t\n\t\t\t<span class=\"overlay\">\n\t\t\t\t<h5>Tadilat &#038; Tamirat<\/h5>\n\t\t\t\t<i class=\"ot-flaticon-add\"><\/i>\n\t\t\t<\/span>\n\t\t<\/div>\n\t\t<div class=\"portfolio-info\">\n\t\t\t<div class=\"portfolio-info-inner\">\n\t\t\t\t<h5><a class=\"title-link\" href=\"http:\/\/safakdamper.com\/index.php\/portfolio\/loft-kitchen-interior\/\" data-src=\"http:\/\/safakdamper.com\/wp-content\/uploads\/2021\/12\/WhatsApp-Image-2021-12-03-at-11.20.36.jpeg\" data-sub-html=\"Tadilat &#038; Tamirat\">Tadilat &#038; Tamirat<\/a><\/h5>\n\t\t\t\t<p class=\"portfolio-cates\"><a href=\"http:\/\/safakdamper.com\/index.php\/portfolio-category\/urunlerimiz\/\">\u00dcr\u00fcnlerimiz<\/a><\/p> \n\t\t\t<\/div>\n\t\t\t<a class=\"overlay\" href=\"http:\/\/safakdamper.com\/index.php\/portfolio\/loft-kitchen-interior\/\"><\/a>\n\t\t<\/div>\n\t<\/div>\n<\/div>\n<div class=\"project-item category-16 \">\n\t<div class=\"projects-box\">\n\t\t<div class=\"projects-thumbnail\" data-src=\"http:\/\/safakdamper.com\/wp-content\/uploads\/2019\/11\/havuz-2.jpg\" data-sub-html=\"Havuz Damper\">\n\t\t\t<a href=\"http:\/\/safakdamper.com\/index.php\/portfolio\/white-italian-villa\/\">\n\t\t\t\t<img loading=\"lazy\" decoding=\"async\" width=\"720\" height=\"664\" src=\"http:\/\/safakdamper.com\/wp-content\/uploads\/2019\/11\/havuz-2-720x664.jpg\" class=\"attachment-theratio-portfolio-thumbnail-grid size-theratio-portfolio-thumbnail-grid wp-post-image\" alt=\"\" \/>\t\t\t<\/a>\n\t\t\t\n\t\t\t<span class=\"overlay\">\n\t\t\t\t<h5>Havuz Damper<\/h5>\n\t\t\t\t<i class=\"ot-flaticon-add\"><\/i>\n\t\t\t<\/span>\n\t\t<\/div>\n\t\t<div class=\"portfolio-info\">\n\t\t\t<div class=\"portfolio-info-inner\">\n\t\t\t\t<h5><a class=\"title-link\" href=\"http:\/\/safakdamper.com\/index.php\/portfolio\/white-italian-villa\/\" data-src=\"http:\/\/safakdamper.com\/wp-content\/uploads\/2019\/11\/havuz-2.jpg\" data-sub-html=\"Havuz Damper\">Havuz Damper<\/a><\/h5>\n\t\t\t\t<p class=\"portfolio-cates\"><a href=\"http:\/\/safakdamper.com\/index.php\/portfolio-category\/urunlerimiz\/\">\u00dcr\u00fcnlerimiz<\/a><\/p> \n\t\t\t<\/div>\n\t\t\t<a class=\"overlay\" href=\"http:\/\/safakdamper.com\/index.php\/portfolio\/white-italian-villa\/\"><\/a>\n\t\t<\/div>\n\t<\/div>\n<\/div>\n<div class=\"project-item category-16 \">\n\t<div class=\"projects-box\">\n\t\t<div class=\"projects-thumbnail\" data-src=\"http:\/\/safakdamper.com\/wp-content\/uploads\/2019\/11\/unnamed.png\" data-sub-html=\"Dorse\">\n\t\t\t<a href=\"http:\/\/safakdamper.com\/index.php\/portfolio\/minimalistic-art-house\/\">\n\t\t\t\t<img loading=\"lazy\" decoding=\"async\" width=\"512\" height=\"361\" src=\"http:\/\/safakdamper.com\/wp-content\/uploads\/2019\/11\/unnamed.png\" class=\"attachment-theratio-portfolio-thumbnail-grid size-theratio-portfolio-thumbnail-grid wp-post-image\" alt=\"\" srcset=\"http:\/\/safakdamper.com\/wp-content\/uploads\/2019\/11\/unnamed.png 512w, http:\/\/safakdamper.com\/wp-content\/uploads\/2019\/11\/unnamed-300x212.png 300w\" sizes=\"auto, (max-width: 512px) 100vw, 512px\" \/>\t\t\t<\/a>\n\t\t\t\n\t\t\t<span class=\"overlay\">\n\t\t\t\t<h5>Dorse<\/h5>\n\t\t\t\t<i class=\"ot-flaticon-add\"><\/i>\n\t\t\t<\/span>\n\t\t<\/div>\n\t\t<div class=\"portfolio-info\">\n\t\t\t<div class=\"portfolio-info-inner\">\n\t\t\t\t<h5><a class=\"title-link\" href=\"http:\/\/safakdamper.com\/index.php\/portfolio\/minimalistic-art-house\/\" data-src=\"http:\/\/safakdamper.com\/wp-content\/uploads\/2019\/11\/unnamed.png\" data-sub-html=\"Dorse\">Dorse<\/a><\/h5>\n\t\t\t\t<p class=\"portfolio-cates\"><a href=\"http:\/\/safakdamper.com\/index.php\/portfolio-category\/urunlerimiz\/\">\u00dcr\u00fcnlerimiz<\/a><\/p> \n\t\t\t<\/div>\n\t\t\t<a class=\"overlay\" href=\"http:\/\/safakdamper.com\/index.php\/portfolio\/minimalistic-art-house\/\"><\/a>\n\t\t<\/div>\n\t<\/div>\n<\/div>\n<div class=\"project-item category-16 \">\n\t<div class=\"projects-box\">\n\t\t<div class=\"projects-thumbnail\" data-src=\"http:\/\/safakdamper.com\/wp-content\/uploads\/2019\/11\/6oTXHai7VcZ3.png\" data-sub-html=\"Otomatik \u015ease\">\n\t\t\t<a href=\"http:\/\/safakdamper.com\/index.php\/portfolio\/kitchen-for-small-family\/\">\n\t\t\t\t<img loading=\"lazy\" decoding=\"async\" width=\"720\" height=\"720\" src=\"http:\/\/safakdamper.com\/wp-content\/uploads\/2019\/11\/6oTXHai7VcZ3-720x720.png\" class=\"attachment-theratio-portfolio-thumbnail-grid size-theratio-portfolio-thumbnail-grid wp-post-image\" alt=\"\" srcset=\"http:\/\/safakdamper.com\/wp-content\/uploads\/2019\/11\/6oTXHai7VcZ3-720x720.png 720w, http:\/\/safakdamper.com\/wp-content\/uploads\/2019\/11\/6oTXHai7VcZ3-150x150.png 150w\" sizes=\"auto, (max-width: 720px) 100vw, 720px\" \/>\t\t\t<\/a>\n\t\t\t\n\t\t\t<span class=\"overlay\">\n\t\t\t\t<h5>Otomatik \u015ease<\/h5>\n\t\t\t\t<i class=\"ot-flaticon-add\"><\/i>\n\t\t\t<\/span>\n\t\t<\/div>\n\t\t<div class=\"portfolio-info\">\n\t\t\t<div class=\"portfolio-info-inner\">\n\t\t\t\t<h5><a class=\"title-link\" href=\"http:\/\/safakdamper.com\/index.php\/portfolio\/kitchen-for-small-family\/\" data-src=\"http:\/\/safakdamper.com\/wp-content\/uploads\/2019\/11\/6oTXHai7VcZ3.png\" data-sub-html=\"Otomatik \u015ease\">Otomatik \u015ease<\/a><\/h5>\n\t\t\t\t<p class=\"portfolio-cates\"><a href=\"http:\/\/safakdamper.com\/index.php\/portfolio-category\/urunlerimiz\/\">\u00dcr\u00fcnlerimiz<\/a><\/p> \n\t\t\t<\/div>\n\t\t\t<a class=\"overlay\" href=\"http:\/\/safakdamper.com\/index.php\/portfolio\/kitchen-for-small-family\/\"><\/a>\n\t\t<\/div>\n\t<\/div>\n<\/div>\t\t\t<\/div>\n\n\t\t\t\t    <\/div>\n\t\t\t\t\t\t\t\t\t\t\n\t    \t\t<\/div>\n\t\t\t\t<\/div>\n\t\t\t\t\t<\/div>\n\t\t<\/div>\n\t\t\t\t\t\t\t<\/div>\n\t\t<\/section>\n\t\t\t\t\t\t<\/div>\n\t\t\t\t\t<\/div>\n\t\t","protected":false},"excerpt":{"rendered":"<p>[ T\u00fcm \u00fcr\u00fcnlerimiz ] Hizmet Verdi\u011fimiz Alanlar\u0131m\u0131z Art Family Residence Art Family Residence Architecture Loft Kitchen Interior Loft Kitchen Interior Architecture Minimalistic Art House Minimalistic Art House ArchitectureDecor Kitchen for Small family Kitchen for Small family Architecture<\/p>\n","protected":false},"author":1,"featured_media":0,"parent":0,"menu_order":0,"comment_status":"closed","ping_status":"closed","template":"","meta":{"footnotes":""},"class_list":["post-4355","page","type-page","status-publish","hentry"],"_links":{"self":[{"href":"http:\/\/safakdamper.com\/index.php\/wp-json\/wp\/v2\/pages\/4355","targetHints":{"allow":["GET"]}}],"collection":[{"href":"http:\/\/safakdamper.com\/index.php\/wp-json\/wp\/v2\/pages"}],"about":[{"href":"http:\/\/safakdamper.com\/index.php\/wp-json\/wp\/v2\/types\/page"}],"author":[{"embeddable":true,"href":"http:\/\/safakdamper.com\/index.php\/wp-json\/wp\/v2\/users\/1"}],"replies":[{"embeddable":true,"href":"http:\/\/safakdamper.com\/index.php\/wp-json\/wp\/v2\/comments?post=4355"}],"version-history":[{"count":5,"href":"http:\/\/safakdamper.com\/index.php\/wp-json\/wp\/v2\/pages\/4355\/revisions"}],"predecessor-version":[{"id":4719,"href":"http:\/\/safakdamper.com\/index.php\/wp-json\/wp\/v2\/pages\/4355\/revisions\/4719"}],"wp:attachment":[{"href":"http:\/\/safakdamper.com\/index.php\/wp-json\/wp\/v2\/media?parent=4355"}],"curies":[{"name":"wp","href":"https:\/\/api.w.org\/{rel}","templated":true}]}}