{"id":2014,"date":"2020-05-08T06:54:27","date_gmt":"2020-05-08T03:54:27","guid":{"rendered":"http:\/\/localhost\/theratio\/?page_id=2014"},"modified":"2021-12-09T10:09:13","modified_gmt":"2021-12-09T07:09:13","slug":"iletisim","status":"publish","type":"page","link":"http:\/\/safakdamper.com\/index.php\/iletisim\/","title":{"rendered":"\u0130leti\u015fim"},"content":{"rendered":"\t\t<div data-elementor-type=\"wp-page\" data-elementor-id=\"2014\" class=\"elementor elementor-2014\" data-elementor-settings=\"[]\">\n\t\t\t\t\t\t\t<div class=\"elementor-section-wrap\">\n\t\t\t\t\t\t\t<section class=\"elementor-section elementor-top-section elementor-element elementor-element-3492446 elementor-section-content-middle elementor-section-boxed elementor-section-height-default elementor-section-height-default\" data-id=\"3492446\" data-element_type=\"section\">\n\t\t\t\t\t\t<div class=\"elementor-container elementor-column-gap-extended\">\n\t\t\t\t\t<div class=\"elementor-column elementor-col-100 elementor-top-column elementor-element elementor-element-131457d ot-flex-column-vertical\" data-id=\"131457d\" data-element_type=\"column\" data-settings=\"{&quot;background_background&quot;:&quot;classic&quot;}\">\n\t\t\t<div class=\"elementor-widget-wrap elementor-element-populated\">\n\t\t\t\t\t\t\t\t<div class=\"elementor-element elementor-element-6a183e2 elementor-widget elementor-widget-iheading\" data-id=\"6a183e2\" data-element_type=\"widget\" data-widget_type=\"iheading.default\">\n\t\t\t\t<div class=\"elementor-widget-container\">\n\t\t\t\t\t<div class=\"ot-heading is-dots\">\n\t        \t            <span>[ ileti\u015fim ]<\/span>\n\t        \t        <h2 class=\"main-heading\">Bize Ula\u015f\u0131n...<\/h2>\n\t        \t    <\/div>\n\t    \t\t<\/div>\n\t\t\t\t<\/div>\n\t\t\t\t<div class=\"elementor-element elementor-element-c6c295b elementor-widget elementor-widget-text-editor\" data-id=\"c6c295b\" data-element_type=\"widget\" data-widget_type=\"text-editor.default\">\n\t\t\t\t<div class=\"elementor-widget-container\">\n\t\t\t\t\t\t\t<div class=\"elementor-element elementor-element-c6c295b elementor-widget elementor-widget-text-editor\" data-id=\"c6c295b\" data-element_type=\"widget\" data-widget_type=\"text-editor.default\"><div class=\"elementor-widget-container\"><p>Sizlere Hizmet Vermekten Mutluluk Duyuyoruz.. A\u015fa\u011f\u0131daki \u0130leti\u015fim Bilgilerimizden Bizlere Diledi\u011finiz Zaman Ula\u015fabilirsiniz..<\/p><\/div><\/div><div class=\"elementor-element elementor-element-6942fc6 elementor-widget elementor-widget-icontact_info\" data-id=\"6942fc6\" data-element_type=\"widget\" data-widget_type=\"icontact_info.default\"><div class=\"elementor-widget-container\"><div class=\"contact-info\">\u00a0<\/div><\/div><\/div>\t\t\t\t\t\t<\/div>\n\t\t\t\t<\/div>\n\t\t\t\t<div class=\"elementor-element elementor-element-6942fc6 elementor-widget elementor-widget-icontact_info\" data-id=\"6942fc6\" data-element_type=\"widget\" data-widget_type=\"icontact_info.default\">\n\t\t\t\t<div class=\"elementor-widget-container\">\n\t\t\t\t    \t<div class=\"contact-info\">\n\t\t        \t\t\t    \n\t\t\t    \t\t        <i class=\"ot-flaticon-place\"><\/i>\n\t\t        <div class=\"info-text\">\n\t\t        \t<h6>Adresimiz\u0130:<\/h6>\t\t        \t<p>Habibler \u00c7\u0131k\u0131\u015f\u0131 \u0130stanbul Kum Deposu Yan\u0131 Sultangazi\/ \u0130STANBUL \/ T\u00fcrkiye<\/p>\t\t        <\/div>\n\t\t    <\/div>\n\t    \t\t<\/div>\n\t\t\t\t<\/div>\n\t\t\t\t<div class=\"elementor-element elementor-element-1e04d08 elementor-widget elementor-widget-icontact_info\" data-id=\"1e04d08\" data-element_type=\"widget\" data-widget_type=\"icontact_info.default\">\n\t\t\t\t<div class=\"elementor-widget-container\">\n\t\t\t\t    \t<div class=\"contact-info\">\n\t\t        \t\t\t    \n\t\t\t    \t\t        <i class=\"ot-flaticon-mail\"><\/i>\n\t\t        <div class=\"info-text\">\n\t\t        \t<h6>Mail:<\/h6>\t\t        \t<p><a href=\"safak@safakdamper.com\">safak@safakdamper.com<\/a><\/p>\t\t        <\/div>\n\t\t    <\/div>\n\t    \t\t<\/div>\n\t\t\t\t<\/div>\n\t\t\t\t<div class=\"elementor-element elementor-element-0fecad6 elementor-widget elementor-widget-icontact_info\" data-id=\"0fecad6\" data-element_type=\"widget\" data-widget_type=\"icontact_info.default\">\n\t\t\t\t<div class=\"elementor-widget-container\">\n\t\t\t\t    \t<div class=\"contact-info\">\n\t\t        \t\t\t    \n\t\t\t    \t\t        <i class=\"ot-flaticon-phone-call\"><\/i>\n\t\t        <div class=\"info-text\">\n\t\t        \t<h6>Telefon:<\/h6>\t\t        \t<p><a href=\"tel:+90 (212) 595 06 36\">+90 (212) 595 06 36<\/a>\n<br>\n<a href=\"tel:+90 (532) 785 35 97\">+90 (532) 785 35 97<\/a><br>\n<a href=\"tel:+90 (532) 734 72 91\">+90 (532) 734 72 91<\/a><br>\n<a href=\"tel:+90 (536) 672 09 75\">+90 (536) 672 09 75<\/a><\/p>\t\t        <\/div>\n\t\t    <\/div>\n\t    \t\t<\/div>\n\t\t\t\t<\/div>\n\t\t\t\t\t<\/div>\n\t\t<\/div>\n\t\t\t\t\t\t\t<\/div>\n\t\t<\/section>\n\t\t\t\t<section class=\"elementor-section elementor-top-section elementor-element elementor-element-1c7707d elementor-section-full_width elementor-section-height-default elementor-section-height-default\" data-id=\"1c7707d\" data-element_type=\"section\">\n\t\t\t\t\t\t<div class=\"elementor-container elementor-column-gap-default\">\n\t\t\t\t\t<div class=\"elementor-column elementor-col-100 elementor-top-column elementor-element elementor-element-3972b22 ot-flex-column-vertical\" data-id=\"3972b22\" data-element_type=\"column\">\n\t\t\t<div class=\"elementor-widget-wrap elementor-element-populated\">\n\t\t\t\t\t\t\t\t<div class=\"elementor-element elementor-element-d0a39be elementor-widget elementor-widget-google_maps\" data-id=\"d0a39be\" data-element_type=\"widget\" data-widget_type=\"google_maps.default\">\n\t\t\t\t<div class=\"elementor-widget-container\">\n\t\t\t\t\t<div class=\"elementor-custom-embed\">\n\t\t\t<iframe frameborder=\"0\" scrolling=\"no\" marginheight=\"0\" marginwidth=\"0\"\n\t\t\t\t\tsrc=\"https:\/\/maps.google.com\/maps?q=41.138006132496656%2C%2028.818112819754717&#038;t=m&#038;z=13&#038;output=embed&#038;iwloc=near\"\n\t\t\t\t\ttitle=\"41.138006132496656, 28.818112819754717\"\n\t\t\t\t\taria-label=\"41.138006132496656, 28.818112819754717\"\n\t\t\t><\/iframe>\n\t\t<\/div>\n\t\t\t\t<\/div>\n\t\t\t\t<\/div>\n\t\t\t\t\t<\/div>\n\t\t<\/div>\n\t\t\t\t\t\t\t<\/div>\n\t\t<\/section>\n\t\t\t\t\t\t<\/div>\n\t\t\t\t\t<\/div>\n\t\t","protected":false},"excerpt":{"rendered":"<p>[ ileti\u015fim ] Bize Ula\u015f\u0131n&#8230; Sizlere Hizmet Vermekten Mutluluk Duyuyoruz.. A\u015fa\u011f\u0131daki \u0130leti\u015fim Bilgilerimizden Bizlere Diledi\u011finiz Zaman Ula\u015fabilirsiniz.. \u00a0 Adresimiz\u0130: Habibler \u00c7\u0131k\u0131\u015f\u0131 \u0130stanbul Kum Deposu Yan\u0131 Sultangazi\/ \u0130STANBUL \/ T\u00fcrkiye Mail: safak@safakdamper.com Telefon: +90 (212) 595 06 36 +90 (532) 785 35 97 +90 (532) 734 72 91 +90 (536) 672 09 75<\/p>\n","protected":false},"author":1,"featured_media":0,"parent":0,"menu_order":0,"comment_status":"closed","ping_status":"closed","template":"","meta":{"footnotes":""},"class_list":["post-2014","page","type-page","status-publish","hentry"],"_links":{"self":[{"href":"http:\/\/safakdamper.com\/index.php\/wp-json\/wp\/v2\/pages\/2014","targetHints":{"allow":["GET"]}}],"collection":[{"href":"http:\/\/safakdamper.com\/index.php\/wp-json\/wp\/v2\/pages"}],"about":[{"href":"http:\/\/safakdamper.com\/index.php\/wp-json\/wp\/v2\/types\/page"}],"author":[{"embeddable":true,"href":"http:\/\/safakdamper.com\/index.php\/wp-json\/wp\/v2\/users\/1"}],"replies":[{"embeddable":true,"href":"http:\/\/safakdamper.com\/index.php\/wp-json\/wp\/v2\/comments?post=2014"}],"version-history":[{"count":11,"href":"http:\/\/safakdamper.com\/index.php\/wp-json\/wp\/v2\/pages\/2014\/revisions"}],"predecessor-version":[{"id":4771,"href":"http:\/\/safakdamper.com\/index.php\/wp-json\/wp\/v2\/pages\/2014\/revisions\/4771"}],"wp:attachment":[{"href":"http:\/\/safakdamper.com\/index.php\/wp-json\/wp\/v2\/media?parent=2014"}],"curies":[{"name":"wp","href":"https:\/\/api.w.org\/{rel}","templated":true}]}}